{"id":331,"date":"2016-10-25T15:08:34","date_gmt":"2016-10-25T15:08:34","guid":{"rendered":"http:\/\/esruiz.com.ar\/es\/?page_id=331"},"modified":"2021-03-09T18:15:16","modified_gmt":"2021-03-09T18:15:16","slug":"deautorchocolate","status":"publish","type":"page","link":"https:\/\/esruiz.com.ar\/tienda\/deautorchocolate\/","title":{"rendered":"Chocolate de autor"},"content":{"rendered":"<div class=\"wpb-content-wrapper\">[vc_row fullwidth=\u00bbtrue\u00bb css=\u00bb.vc_custom_1464007688016{background-image: url(http:\/\/esruiz.com.ar\/es\/wp-content\/uploads\/2016\/05\/back_header-06.jpg?id=14) !important;background-position: 0 0 !important;background-repeat: repeat !important;}\u00bb][vc_column][mk_edge_slider first_el=\u00bbtrue\u00bb swiper_bg=\u00bb#000000&#8243; parallax=\u00bbtrue\u00bb slides=\u00bb411,416,418&#8243; full_height=\u00bbfalse\u00bb height=\u00bb600&#8243; animation_effect=\u00bbfade\u00bb direction_nav=\u00bbnone\u00bb pagination=\u00bbnone\u00bb skip_arrow=\u00bbfalse\u00bb][\/vc_column][\/vc_row][mk_page_section padding_top=\u00bb60&#8243; padding_bottom=\u00bb60&#8243; section_id=\u00bbmaestro\u00bb sidebar=\u00bbsidebar-1&#8243;][vc_column width=\u00bb1\/4&#8243;][\/vc_column][vc_column width=\u00bb1\/2&#8243;][vc_custom_heading text=\u00bbLa Sorpresa\u00bb font_container=\u00bbtag:h2|font_size:30|text_align:center|color:%238080a9&#8243; use_theme_fonts=\u00bbyes\u00bb][mk_padding_divider size=\u00bb20&#8243;][vc_column_text disable_pattern=\u00bbfalse\u00bb align=\u00bbcenter\u00bb]ES RUIZ LA PASTELERIA nos brinda la posibilidad de llevarnos con nosotros la pasteler\u00eda internacional que nos brinda un Maestro Pastelero como Eduardo&#8230;. la oferta del lugar (pasteleria, confiteria, chocolates, salados, servicios adicionales especiales = catering)[\/vc_column_text][\/vc_column][vc_column width=\u00bb1\/4&#8243;][\/vc_column][\/mk_page_section][mk_page_section bg_repeat=\u00bbno-repeat\u00bb min_height=\u00bb0&#8243; full_width=\u00bbtrue\u00bb js_vertical_centered=\u00bbtrue\u00bb padding_top=\u00bb0&#8243; padding_bottom=\u00bb0&#8243; el_class=\u00bbalto-300&#8243; sidebar=\u00bbsidebar-1&#8243;][vc_column width=\u00bb1\/3&#8243;][mk_image_switch src_first=\u00bbhttp:\/\/esruiz.com.ar\/tienda\/wp-content\/uploads\/2016\/10\/esruiz_1.jpg\u00bb src_second=\u00bbhttp:\/\/esruiz.com.ar\/tienda\/wp-content\/uploads\/2016\/10\/esruiz_2.jpg\u00bb hover_animation=\u00bbfading\u00bb image_height=\u00bb300&#8243; crop=\u00bbfalse\u00bb align=\u00bbcenter\u00bb margin_bottom=\u00bb0&#8243;][\/vc_column][vc_column width=\u00bb1\/3&#8243;][mk_image_switch src_first=\u00bbhttp:\/\/esruiz.com.ar\/tienda\/wp-content\/uploads\/2016\/10\/esruiz_2.jpg\u00bb src_second=\u00bbhttp:\/\/esruiz.com.ar\/tienda\/wp-content\/uploads\/2016\/10\/esruiz_1.jpg\u00bb hover_animation=\u00bbfading\u00bb image_height=\u00bb300&#8243; crop=\u00bbfalse\u00bb align=\u00bbcenter\u00bb margin_bottom=\u00bb0&#8243;][\/vc_column][vc_column width=\u00bb1\/3&#8243; css=\u00bb.vc_custom_1478112650214{padding-right: 40px !important;padding-left: 40px !important;}\u00bb][vc_custom_heading text=\u00bbPASTELERIA<br \/>\nINTERNACIONAL\u00bb font_container=\u00bbtag:h2|font_size:22|text_align:center|color:%23ffffff\u00bb use_theme_fonts=\u00bbyes\u00bb el_class=\u00bbv-align\u00bb][\/vc_column][\/mk_page_section][mk_page_section bg_repeat=\u00bbno-repeat\u00bb min_height=\u00bb0&#8243; full_width=\u00bbtrue\u00bb js_vertical_centered=\u00bbtrue\u00bb padding_top=\u00bb0&#8243; padding_bottom=\u00bb0&#8243; el_class=\u00bbalto-300&#8243; sidebar=\u00bbsidebar-1&#8243;][vc_column width=\u00bb1\/3&#8243;][mk_image_switch src_first=\u00bbhttp:\/\/esruiz.com.ar\/tienda\/wp-content\/uploads\/2016\/10\/esruiz_1.jpg\u00bb src_second=\u00bbhttp:\/\/esruiz.com.ar\/tienda\/wp-content\/uploads\/2016\/10\/esruiz_2.jpg\u00bb hover_animation=\u00bbfading\u00bb image_height=\u00bb300&#8243; crop=\u00bbfalse\u00bb align=\u00bbcenter\u00bb margin_bottom=\u00bb0&#8243;][\/vc_column][vc_column width=\u00bb1\/3&#8243;][mk_image_switch src_first=\u00bbhttp:\/\/esruiz.com.ar\/tienda\/wp-content\/uploads\/2016\/10\/esruiz_1.jpg\u00bb src_second=\u00bbhttp:\/\/esruiz.com.ar\/tienda\/wp-content\/uploads\/2016\/10\/esruiz_2.jpg\u00bb hover_animation=\u00bbfading\u00bb image_height=\u00bb300&#8243; crop=\u00bbfalse\u00bb align=\u00bbcenter\u00bb margin_bottom=\u00bb0&#8243;][\/vc_column][vc_column width=\u00bb1\/3&#8243;][mk_image_switch src_first=\u00bbhttp:\/\/esruiz.com.ar\/tienda\/wp-content\/uploads\/2016\/10\/esruiz_2.jpg\u00bb src_second=\u00bbhttp:\/\/esruiz.com.ar\/tienda\/wp-content\/uploads\/2016\/10\/esruiz_1.jpg\u00bb hover_animation=\u00bbfading\u00bb image_height=\u00bb300&#8243; crop=\u00bbfalse\u00bb align=\u00bbcenter\u00bb margin_bottom=\u00bb0&#8243;][\/vc_column][\/mk_page_section][mk_page_section bg_repeat=\u00bbno-repeat\u00bb min_height=\u00bb0&#8243; full_width=\u00bbtrue\u00bb js_vertical_centered=\u00bbtrue\u00bb padding_top=\u00bb0&#8243; padding_bottom=\u00bb0&#8243; el_class=\u00bbalto-300&#8243; sidebar=\u00bbsidebar-1&#8243;][vc_column width=\u00bb1\/3&#8243;][mk_image_switch src_first=\u00bbhttp:\/\/esruiz.com.ar\/tienda\/wp-content\/uploads\/2016\/10\/esruiz_1.jpg\u00bb src_second=\u00bbhttp:\/\/esruiz.com.ar\/tienda\/wp-content\/uploads\/2016\/10\/esruiz_2.jpg\u00bb hover_animation=\u00bbfading\u00bb image_height=\u00bb300&#8243; crop=\u00bbfalse\u00bb align=\u00bbcenter\u00bb margin_bottom=\u00bb0&#8243;][\/vc_column][vc_column width=\u00bb1\/3&#8243;][mk_image_switch src_first=\u00bbhttp:\/\/esruiz.com.ar\/tienda\/wp-content\/uploads\/2016\/10\/esruiz_2.jpg\u00bb src_second=\u00bbhttp:\/\/esruiz.com.ar\/tienda\/wp-content\/uploads\/2016\/10\/esruiz_1.jpg\u00bb hover_animation=\u00bbfading\u00bb image_height=\u00bb300&#8243; crop=\u00bbfalse\u00bb align=\u00bbcenter\u00bb margin_bottom=\u00bb0&#8243;][\/vc_column][vc_column width=\u00bb1\/3&#8243; css=\u00bb.vc_custom_1478112708250{padding-right: 40px !important;padding-left: 40px !important;}\u00bb][vc_custom_heading text=\u00bbCL\u00c1SICOS<br \/>\nIRRESISTIBLES\u00bb font_container=\u00bbtag:h2|font_size:22|text_align:center|color:%23ffffff\u00bb use_theme_fonts=\u00bbyes\u00bb el_class=\u00bbv-align\u00bb][\/vc_column][\/mk_page_section][mk_page_section padding_top=\u00bb60&#8243; padding_bottom=\u00bb60&#8243; section_id=\u00bbmaestro\u00bb sidebar=\u00bbsidebar-1&#8243;][vc_column width=\u00bb1\/4&#8243;][\/vc_column][vc_column width=\u00bb1\/2&#8243;][vc_custom_heading text=\u00bbLa Joyer\u00eda\u00bb font_container=\u00bbtag:h2|font_size:30|text_align:center|color:%238080a9&#8243; use_theme_fonts=\u00bbyes\u00bb][mk_padding_divider size=\u00bb20&#8243;][vc_column_text disable_pattern=\u00bbfalse\u00bb align=\u00bbcenter\u00bb]ES RUIZ CHOCOLATE tiene&#8230; calidad de las materias primas, su origen y presentacion. L arquitectura de donde se muestra, terminacion, Eduardo como representante de la marca en el pais. Propuesta diferenciadora por sobre el resto&#8230;[\/vc_column_text][\/vc_column][vc_column width=\u00bb1\/4&#8243;][\/vc_column][\/mk_page_section][mk_page_section bg_repeat=\u00bbno-repeat\u00bb min_height=\u00bb0&#8243; full_width=\u00bbtrue\u00bb js_vertical_centered=\u00bbtrue\u00bb padding_top=\u00bb0&#8243; padding_bottom=\u00bb0&#8243; el_class=\u00bbalto-300&#8243; sidebar=\u00bbsidebar-1&#8243;][vc_column width=\u00bb1\/3&#8243; css=\u00bb.vc_custom_1478112740069{padding-right: 40px !important;padding-left: 40px !important;}\u00bb][vc_custom_heading text=\u00bbCHOCOLATE<br \/>\nBELGA DE CALIDAD<br \/>\nINTERNACIONAL\u00bb font_container=\u00bbtag:h2|font_size:22|text_align:center|color:%23ffffff\u00bb use_theme_fonts=\u00bbyes\u00bb el_class=\u00bbv-align\u00bb][\/vc_column][vc_column width=\u00bb1\/3&#8243;][mk_image_switch src_first=\u00bbhttp:\/\/esruiz.com.ar\/tienda\/wp-content\/uploads\/2016\/10\/esruiz_1.jpg\u00bb src_second=\u00bbhttp:\/\/esruiz.com.ar\/tienda\/wp-content\/uploads\/2016\/10\/esruiz_2.jpg\u00bb hover_animation=\u00bbfading\u00bb image_height=\u00bb300&#8243; crop=\u00bbfalse\u00bb align=\u00bbcenter\u00bb margin_bottom=\u00bb0&#8243;][\/vc_column][vc_column width=\u00bb1\/3&#8243;][mk_image_switch src_first=\u00bbhttp:\/\/esruiz.com.ar\/tienda\/wp-content\/uploads\/2016\/10\/esruiz_2.jpg\u00bb src_second=\u00bbhttp:\/\/esruiz.com.ar\/tienda\/wp-content\/uploads\/2016\/10\/esruiz_1.jpg\u00bb hover_animation=\u00bbfading\u00bb image_height=\u00bb300&#8243; crop=\u00bbfalse\u00bb align=\u00bbcenter\u00bb margin_bottom=\u00bb0&#8243;][\/vc_column][\/mk_page_section][mk_page_section padding_top=\u00bb60&#8243; padding_bottom=\u00bb60&#8243; section_id=\u00bbmaestro\u00bb sidebar=\u00bbsidebar-1&#8243;][vc_column width=\u00bb1\/4&#8243;][\/vc_column][vc_column width=\u00bb1\/2&#8243;][vc_custom_heading text=\u00bbD\u00f3nde Estamos?\u00bb font_container=\u00bbtag:h2|font_size:30|text_align:center|color:%238080a9&#8243; use_theme_fonts=\u00bbyes\u00bb][mk_padding_divider size=\u00bb20&#8243;][vc_column_text disable_pattern=\u00bbfalse\u00bb align=\u00bbcenter\u00bb]ES RUIZ CAFET\u00cdN est\u00e1 ubicado en el coraz\u00f3n del barrio del Caballito, en\u00a0la Ciudad Aut\u00f3noma de Buenos Aires.[\/vc_column_text][\/vc_column][vc_column width=\u00bb1\/4&#8243;][\/vc_column][\/mk_page_section][vc_row fullwidth=\u00bbtrue\u00bb equal_columns=\u00bbtrue\u00bb attached=\u00bbtrue\u00bb css=\u00bb.vc_custom_1476725751720{background-position: center !important;background-repeat: no-repeat !important;background-size: cover !important;}\u00bb id=\u00bbmapa\u00bb][vc_column][vc_gmaps link=\u00bb#E-8_JTNDaWZyYW1lJTIwc3JjJTNEJTIyaHR0cHMlM0ElMkYlMkZ3d3cuZ29vZ2xlLmNvbSUyRm1hcHMlMkZlbWJlZCUzRnBiJTNEJTIxMW0xNCUyMTFtOCUyMTFtMyUyMTFkMTMxMzIuNjMwNjU3MzkzMzk0JTIxMmQtNTguNDQwNTQwMiUyMTNkLTM0LjYyNTQ1NTglMjEzbTIlMjExaTEwMjQlMjEyaTc2OCUyMTRmMTMuMSUyMTNtMyUyMTFtMiUyMTFzMHgwJTI1M0EweDk1OTE1MWFlMjgwMDM4MiUyMTJzRXMlMkJSdWl6JTJCTGElMkJQYXN0ZWxlciUyNUMzJTI1QURhJTIxNWUwJTIxM20yJTIxMXNlcyUyMTJzYXIlMjE0djE0NzY4ODc3MzY0NzglMjIlMjB3aWR0aCUzRCUyMjYwMCUyMiUyMGhlaWdodCUzRCUyMjQ1MCUyMiUyMGZyYW1lYm9yZGVyJTNEJTIyMCUyMiUyMHN0eWxlJTNEJTIyYm9yZGVyJTNBMCUyMiUyMGFsbG93ZnVsbHNjcmVlbiUzRSUzQyUyRmlmcmFtZSUzRQ==\u00bb][\/vc_column][\/vc_row][vc_row fullwidth=\u00bbtrue\u00bb equal_columns=\u00bbtrue\u00bb attached=\u00bbtrue\u00bb css=\u00bb.vc_custom_1476718254568{background-position: center !important;background-repeat: no-repeat !important;background-size: cover !important;}\u00bb][vc_column width=\u00bb1\/3&#8243;][mk_image_switch src_first=\u00bbhttp:\/\/esruiz.com.ar\/tienda\/wp-content\/uploads\/2016\/10\/esruiz_2.jpg\u00bb src_second=\u00bbhttp:\/\/esruiz.com.ar\/tienda\/wp-content\/uploads\/2016\/10\/esruiz_1.jpg\u00bb hover_animation=\u00bbfading\u00bb image_height=\u00bb300&#8243; crop=\u00bbfalse\u00bb align=\u00bbcenter\u00bb margin_bottom=\u00bb0&#8243;][\/vc_column][vc_column width=\u00bb1\/3&#8243;][mk_image_switch src_first=\u00bbhttp:\/\/esruiz.com.ar\/tienda\/wp-content\/uploads\/2016\/10\/esruiz_2.jpg\u00bb src_second=\u00bbhttp:\/\/esruiz.com.ar\/tienda\/wp-content\/uploads\/2016\/10\/esruiz_1.jpg\u00bb hover_animation=\u00bbfading\u00bb image_height=\u00bb300&#8243; crop=\u00bbfalse\u00bb align=\u00bbcenter\u00bb margin_bottom=\u00bb0&#8243;][\/vc_column][vc_column width=\u00bb1\/3&#8243;][mk_image_switch src_first=\u00bbhttp:\/\/esruiz.com.ar\/tienda\/wp-content\/uploads\/2016\/10\/esruiz_2.jpg\u00bb src_second=\u00bbhttp:\/\/esruiz.com.ar\/tienda\/wp-content\/uploads\/2016\/10\/esruiz_1.jpg\u00bb hover_animation=\u00bbfading\u00bb image_height=\u00bb300&#8243; crop=\u00bbfalse\u00bb align=\u00bbcenter\u00bb margin_bottom=\u00bb0&#8243;][\/vc_column][\/vc_row][vc_row fullwidth=\u00bbtrue\u00bb css=\u00bb.vc_custom_1477504474055{background: rgba(128,113,77,0.9) url(http:\/\/esruiz.com.ar\/tienda\/wp-content\/uploads\/2016\/10\/form_lapasteleria_negro.jpg?id=447) !important;background-position: center !important;background-repeat: no-repeat !important;background-size: cover !important;*background-color: rgb(128,113,77) !important;}\u00bb id=\u00bbcontacto\u00bb][vc_column width=\u00bb1\/4&#8243;][\/vc_column][vc_column width=\u00bb1\/2&#8243;][mk_padding_divider][mk_fancy_title color=\u00bb#ffffff\u00bb size=\u00bb48&#8243; font_weight=\u00bb400&#8243; txt_transform=\u00bbuppercase\u00bb font_family=\u00bbnone\u00bb align=\u00bbcenter\u00bb animation=\u00bbfade-in\u00bb]CONSULTAS[\/mk_fancy_title]\n<div class=\"wpcf7 no-js\" id=\"wpcf7-f182-o1\" lang=\"es-ES\" dir=\"ltr\" data-wpcf7-id=\"182\">\n<div class=\"screen-reader-response\"><p role=\"status\" aria-live=\"polite\" aria-atomic=\"true\"><\/p> <ul><\/ul><\/div>\n<form action=\"\/tienda\/wp-json\/wp\/v2\/pages\/331#wpcf7-f182-o1\" method=\"post\" class=\"wpcf7-form init\" aria-label=\"Formulario de contacto\" novalidate=\"novalidate\" data-status=\"init\">\n<fieldset class=\"hidden-fields-container\"><input type=\"hidden\" name=\"_wpcf7\" value=\"182\" \/><input type=\"hidden\" name=\"_wpcf7_version\" value=\"6.1.5\" \/><input type=\"hidden\" name=\"_wpcf7_locale\" value=\"es_ES\" \/><input type=\"hidden\" name=\"_wpcf7_unit_tag\" value=\"wpcf7-f182-o1\" \/><input type=\"hidden\" name=\"_wpcf7_container_post\" value=\"0\" \/><input type=\"hidden\" name=\"_wpcf7_posted_data_hash\" value=\"\" \/>\n<\/fieldset>\n<div class=\"vc_col-sm-6 wpb_column column_container\">\n\t<p><span class=\"wpcf7-form-control-wrap\" data-name=\"your-name\"><input size=\"40\" maxlength=\"400\" class=\"wpcf7-form-control wpcf7-text wpcf7-validates-as-required\" aria-required=\"true\" aria-invalid=\"false\" placeholder=\"Nombre y Apellido\" value=\"\" type=\"text\" name=\"your-name\" \/><\/span>\n\t<\/p>\n\t<p><span class=\"wpcf7-form-control-wrap\" data-name=\"telefono\"><input size=\"40\" maxlength=\"400\" class=\"wpcf7-form-control wpcf7-tel wpcf7-validates-as-required wpcf7-text wpcf7-validates-as-tel\" aria-required=\"true\" aria-invalid=\"false\" placeholder=\"Tel\u00e9fono\" value=\"\" type=\"tel\" name=\"telefono\" \/><\/span>\n\t<\/p>\n\t<div style=\"color:#fff; text-align:center;\" class=\"form-detail\">\n\t\t<p><strong style=\"color:#fff;\">Importante:<\/strong> las cotizaciones no son autom\u00e1ticas. Indique por favor la fecha, cantidad de comensales y tipo de reuni\u00f3n.<br \/>\nSi desea asesoramiento, cont\u00e1ctenos<br \/>\nal 011 3964-3926\n\t\t<\/p>\n\t<\/div>\n<\/div>\n<div class=\"vc_col-sm-6 wpb_column column_container\">\n\t<p><span class=\"wpcf7-form-control-wrap\" data-name=\"your-email\"><input size=\"40\" maxlength=\"400\" class=\"wpcf7-form-control wpcf7-email wpcf7-validates-as-required wpcf7-text wpcf7-validates-as-email\" aria-required=\"true\" aria-invalid=\"false\" placeholder=\"Email\" value=\"\" type=\"email\" name=\"your-email\" \/><\/span>\n\t<\/p>\n\t<p><span class=\"wpcf7-form-control-wrap\" data-name=\"your-email\"><input size=\"40\" maxlength=\"400\" class=\"wpcf7-form-control wpcf7-email wpcf7-validates-as-required wpcf7-text wpcf7-validates-as-email\" aria-required=\"true\" aria-invalid=\"false\" placeholder=\"Repetir Email\" value=\"\" type=\"email\" name=\"your-email\" \/><\/span>\n\t<\/p>\n\t<p><span class=\"wpcf7-form-control-wrap\" data-name=\"your-message\"><textarea cols=\"40\" rows=\"10\" maxlength=\"2000\" class=\"wpcf7-form-control wpcf7-textarea wpcf7-validates-as-required\" aria-required=\"true\" aria-invalid=\"false\" placeholder=\"Por favor, indique fecha, cantidad de invitados y tipo de reuni\u00f3n. Desea agregar alg\u00fan comentario?\" name=\"your-message\"><\/textarea><\/span>\n\t<\/p>\n\t<p><input class=\"wpcf7-form-control wpcf7-submit has-spinner\" type=\"submit\" value=\"Enviar\" \/>\n\t<\/p>\n\t<p><input type=\"hidden\" name=\"_wpcf7_captcha_challenge_captcha-1\" value=\"23857873\" \/><img decoding=\"async\" class=\"wpcf7-form-control wpcf7-captchac wpcf7-captcha-captcha-1\" width=\"72\" height=\"24\" alt=\"captcha\" src=\"https:\/\/esruiz.com.ar\/tienda\/wp-content\/uploads\/wpcf7_captcha\/23857873.png\" \/><span class=\"wpcf7-form-control-wrap\" data-name=\"captcha-1\"><input size=\"40\" class=\"wpcf7-form-control wpcf7-captchar\" autocomplete=\"off\" aria-invalid=\"false\" value=\"\" type=\"text\" name=\"captcha-1\" \/><\/span>\n\t<\/p>\n<\/div><div class=\"wpcf7-response-output\" aria-hidden=\"true\"><\/div>\n<\/form>\n<\/div>\n[\/vc_column][vc_column width=\u00bb1\/4&#8243;][\/vc_column][\/vc_row]\n<\/div>","protected":false},"excerpt":{"rendered":"<p>[vc_row fullwidth=\u00bbtrue\u00bb css=\u00bb.vc_custom_1464007688016{background-image: url(http:\/\/esruiz.com.ar\/es\/wp-content\/uploads\/2016\/05\/back_header-06.jpg?id=14) !important;background-position: 0 0 !important;background-repeat: repeat !important;}\u00bb][vc_column][mk_edge_slider first_el=\u00bbtrue\u00bb swiper_bg=\u00bb#000000&#8243; parallax=\u00bbtrue\u00bb slides=\u00bb411,416,418&#8243; full_height=\u00bbfalse\u00bb height=\u00bb600&#8243; animation_effect=\u00bbfade\u00bb direction_nav=\u00bbnone\u00bb pagination=\u00bbnone\u00bb skip_arrow=\u00bbfalse\u00bb][\/vc_column][\/vc_row][mk_page_section padding_top=\u00bb60&#8243; padding_bottom=\u00bb60&#8243; section_id=\u00bbmaestro\u00bb sidebar=\u00bbsidebar-1&#8243;][vc_column width=\u00bb1\/4&#8243;][\/vc_column][vc_column width=\u00bb1\/2&#8243;][vc_custom_heading text=\u00bbLa Sorpresa\u00bb font_container=\u00bbtag:h2|font_size:30|text_align:center|color:%238080a9&#8243; use_theme_fonts=\u00bbyes\u00bb][mk_padding_divider size=\u00bb20&#8243;][vc_column_text disable_pattern=\u00bbfalse\u00bb align=\u00bbcenter\u00bb]ES RUIZ LA PASTELERIA nos brinda la posibilidad de llevarnos con nosotros la pasteler\u00eda internacional que nos brinda un Maestro Pastelero como Eduardo&#8230;. [&hellip;]<\/p>\n","protected":false},"author":1,"featured_media":0,"parent":0,"menu_order":0,"comment_status":"closed","ping_status":"open","template":"","meta":{"_acf_changed":false,"om_disable_all_campaigns":false,"footnotes":""},"class_list":["post-331","page","type-page","status-publish","hentry"],"acf":[],"_links":{"self":[{"href":"https:\/\/esruiz.com.ar\/tienda\/wp-json\/wp\/v2\/pages\/331","targetHints":{"allow":["GET"]}}],"collection":[{"href":"https:\/\/esruiz.com.ar\/tienda\/wp-json\/wp\/v2\/pages"}],"about":[{"href":"https:\/\/esruiz.com.ar\/tienda\/wp-json\/wp\/v2\/types\/page"}],"author":[{"embeddable":true,"href":"https:\/\/esruiz.com.ar\/tienda\/wp-json\/wp\/v2\/users\/1"}],"replies":[{"embeddable":true,"href":"https:\/\/esruiz.com.ar\/tienda\/wp-json\/wp\/v2\/comments?post=331"}],"version-history":[{"count":2,"href":"https:\/\/esruiz.com.ar\/tienda\/wp-json\/wp\/v2\/pages\/331\/revisions"}],"predecessor-version":[{"id":5830,"href":"https:\/\/esruiz.com.ar\/tienda\/wp-json\/wp\/v2\/pages\/331\/revisions\/5830"}],"wp:attachment":[{"href":"https:\/\/esruiz.com.ar\/tienda\/wp-json\/wp\/v2\/media?parent=331"}],"curies":[{"name":"wp","href":"https:\/\/api.w.org\/{rel}","templated":true}]}}