{"id":1451,"date":"2018-07-05T22:59:01","date_gmt":"2018-07-06T01:59:01","guid":{"rendered":"http:\/\/esruiz.com.ar\/tienda\/?post_type=product&#038;p=1451"},"modified":"2026-03-30T12:09:24","modified_gmt":"2026-03-30T15:09:24","slug":"mousse-chocolate-blanco-y-maracuya-individual","status":"publish","type":"product","link":"https:\/\/esruiz.com.ar\/tienda\/producto\/mousse-chocolate-blanco-y-maracuya-individual\/","title":{"rendered":"Chocolate Blanco y Maracuya Individual"},"content":{"rendered":"<div class=\"wpb-content-wrapper\">[vc_row][vc_column][vc_message style=\u00bbsquare\u00bb message_box_color=\u00bbwhite\u00bb](1) Las entregas se realizan el d\u00eda subsiguiente a la recepci\u00f3n del pedido de 10:00 a 14:00hs y de 15:00 a 19:30hs. (2) No se realizan entregas los d\u00edas lunes o posteriores a feriados. (3) Para conocer los costos y zonas de env\u00edo, haga <a class=\"wp-colorbox-image\" href=\"http:\/\/www.esruiz.com.ar\/tienda\/mapa_zonas.jpg\">click aqu\u00ed.<\/a> (4) Las decoraciones de los productos exhibidos pueden variar de acuerdo a la temporada y\/o disponibilidad de sus materias primas.[\/vc_message][\/vc_column][\/vc_row]\n<\/div>","protected":false},"excerpt":{"rendered":"<p>Es un postre con sabores tropicales, maracuy\u00e1 y coco, ideal para los amantes del chocolate blanco. la acidez y el aroma del cremosos de maracuy\u00e1 y las texturas del bizcocho y el crocante de coco cierran esta combinaci\u00f3n, otorg\u00e1ndole al postre una sensaci\u00f3n fresca y liviana que contrarresta el dulzor del chocolate blanco.<br \/>\n<strong>Sabores directos:<\/strong> dentro de los sabores directos encontraremos el chocolate blanco, maracuy\u00e1, coco y c\u00edtrico.<br \/>\n<strong>Chocolate utilizado:<\/strong> chocolate de origen 31% blanco Ecuador.<br \/>\n<strong>Disponibilidad:<\/strong> todo el a\u00f1o.<br \/>\n<strong>Formato:<\/strong>\u00a0individual.<br \/>\n<em>Recomiendo consumir a fr\u00edo normal de heladera.<\/em><\/p>\n","protected":false},"featured_media":7045,"template":"","meta":{"_acf_changed":false,"om_disable_all_campaigns":false},"product_brand":[],"product_cat":[32],"product_tag":[48,66,47,69,65,45,44],"class_list":{"0":"post-1451","1":"product","2":"type-product","3":"status-publish","4":"has-post-thumbnail","6":"product_cat-pasteleria-individual","7":"product_tag-chocolate","8":"product_tag-chocolate-blanco","9":"product_tag-dulces","10":"product_tag-individual","11":"product_tag-maracuya","12":"product_tag-mousse","13":"product_tag-postres","15":"first","16":"instock","17":"shipping-taxable","18":"purchasable","19":"product-type-simple"},"acf":[],"_links":{"self":[{"href":"https:\/\/esruiz.com.ar\/tienda\/wp-json\/wp\/v2\/product\/1451","targetHints":{"allow":["GET"]}}],"collection":[{"href":"https:\/\/esruiz.com.ar\/tienda\/wp-json\/wp\/v2\/product"}],"about":[{"href":"https:\/\/esruiz.com.ar\/tienda\/wp-json\/wp\/v2\/types\/product"}],"version-history":[{"count":2,"href":"https:\/\/esruiz.com.ar\/tienda\/wp-json\/wp\/v2\/product\/1451\/revisions"}],"predecessor-version":[{"id":45026,"href":"https:\/\/esruiz.com.ar\/tienda\/wp-json\/wp\/v2\/product\/1451\/revisions\/45026"}],"wp:featuredmedia":[{"embeddable":true,"href":"https:\/\/esruiz.com.ar\/tienda\/wp-json\/wp\/v2\/media\/7045"}],"wp:attachment":[{"href":"https:\/\/esruiz.com.ar\/tienda\/wp-json\/wp\/v2\/media?parent=1451"}],"wp:term":[{"taxonomy":"product_brand","embeddable":true,"href":"https:\/\/esruiz.com.ar\/tienda\/wp-json\/wp\/v2\/product_brand?post=1451"},{"taxonomy":"product_cat","embeddable":true,"href":"https:\/\/esruiz.com.ar\/tienda\/wp-json\/wp\/v2\/product_cat?post=1451"},{"taxonomy":"product_tag","embeddable":true,"href":"https:\/\/esruiz.com.ar\/tienda\/wp-json\/wp\/v2\/product_tag?post=1451"}],"curies":[{"name":"wp","href":"https:\/\/api.w.org\/{rel}","templated":true}]}}