{"id":17174,"date":"2022-10-06T14:48:25","date_gmt":"2022-10-06T17:48:25","guid":{"rendered":"https:\/\/esruiz.com.ar\/tienda\/?post_type=product&#038;p=17174"},"modified":"2026-03-30T12:09:31","modified_gmt":"2026-03-30T15:09:31","slug":"caja-de-bombones-24u-y-prosecco","status":"publish","type":"product","link":"https:\/\/esruiz.com.ar\/tienda\/producto\/caja-de-bombones-24u-y-prosecco\/","title":{"rendered":"Bombones x24 + Prosecco"},"content":{"rendered":"<div class=\"wpb-content-wrapper\">[vc_row][vc_column][vc_column_text css=\u00bb.vc_custom_1537240030462{margin-bottom: 0px !important;}\u00bb]ES RUIZ CHOCOLATE acompa\u00f1a esta propuesta diferente con la calidad de las materias primas, su originalidad y hasta la arquitectura que la contiene. La reconocida marca de chocolates Rep\u00fablica del Cacao nos brinda el mejor cacao que junto a Eduardo Ruiz, en LA PASTELERIA muestra su mejor versi\u00f3n.[\/vc_column_text][\/vc_column][\/vc_row][vc_row][vc_column width=\u00bb1\/3&#8243;][vc_column_text css=\u00bb.vc_custom_1537240055175{margin-bottom: 0px !important;}\u00bb]Esp\u00e9culos (especias): Pralin\u00e9 de avellana, mix de especias (nuez moscada, clavo de olor, pimienta de Jamaica y canela) y chocolate semiamargo.<br \/>\nFrambuesa: Reducci\u00f3n de frambuesa y trufa de chocolate con leche y pulpa de frambuesa.<br \/>\nGin Tonic: Gin, lima, enebro (baya parecida a la pimienta de Jamaica, pero dulce) y angostura (esencia fuerte y fresca).<br \/>\nMiel, Nuez y Lim\u00f3n: Gianduja (chocolate con pasta de avellanas) de chocolate blanco y nuez con trocitos de nuez caramelizada y miel con ralladura de lim\u00f3n.<br \/>\nCaramelo de Naranja: Toffe de naranja y crocante de almendras.<br \/>\nCaf\u00e9: Pralin\u00e9 de nuez y almendra, licor de caf\u00e9.<br \/>\nOrigenes: Ganache de chocolate al 67% con chocolate Forastero, Criollo y Trinitario, 3 variedades de chocolates originarios de la regi\u00f3n de Madagascar.[\/vc_column_text][\/vc_column][vc_column width=\u00bb1\/3&#8243;][vc_column_text css=\u00bb.vc_custom_1537240078362{margin-bottom: 0px !important;}\u00bb]Pi\u00f1a y Jengibre: Trufa de chocolate Blanco, Jugo de Pi\u00f1a y Jengibre fresco.<br \/>\nLima y s\u00e9samo: Ganache de lima y crocante de s\u00e9samo.<br \/>\nMazap\u00e1n Catal\u00e1n: Mazapan Casero de almendras mezclado con una crema inglesa de Canela.<br \/>\nBanana y coco: Trufa a base de Chocolate con Leche y Banana, y un crocante de coco y maracuy\u00e1.<br \/>\nYlang Ylang: Chocolate 70% mezclado con esencia Ylang-Ylang, tra\u00eddo de India, que da un sabordulce y un perfume \u00fanico.<br \/>\nMaracuy\u00e1: Trufa a Base de Chocolate Blanco y Maracuya, perfumada con Gin y jugo de Lima.<br \/>\nHaba Tonka: Semilla tra\u00edda de Francia (origen Brasil) que recuerda al mazap\u00e1n, y almendrastostadas de fondo.<br \/>\nT\u00e9 Ruiz: Base de Trufa de Chocolate con Leche mezclado con una infusi\u00f3n fuerte de T\u00e9 Es Ruiz.<br \/>\nNaranja y Azafr\u00e1n: Base de Palin\u00e9 de almendras, perfumado con Ralladura de Naranja y Azafr\u00e1n.<br \/>\nTe de Frutos Rojos: Trufa a Base de Chocolate con Leche,mezclada con una infusion de Frutos Rojos yesencia de Rosa.[\/vc_column_text][\/vc_column][vc_column width=\u00bb1\/3&#8243;][vc_column_text css=\u00bb.vc_custom_1537240099171{margin-bottom: 0px !important;}\u00bb]Caramelo de chocolate: Trufa a Base de Caramelo mezclado con Chocolate Amargo 70%.Romero y Lim\u00f3n: Infusi\u00f3n de romero y jugo de lim\u00f3n natural.<br \/>\nMazap\u00e1n naranja: Mazapan Casero de almendras Perfumadocon Naranja y Agua de Azhar.<br \/>\nMandarina: Chocolate con leche. Pralin\u00e9 de avellana y almendra, ralladura de mandarina y grand marnier (destilado de la mandarina).<br \/>\nChocolate Intenso: Igual al caramelo de chocolate pero con leche.\u00a0Trufa de Chocolate amargo 70% y Madagascar 67%.<br \/>\nSelva Negra: Reducci\u00f3n de Guindas al Kirch, Trufa a base de Chocolate Blanco y Kirch, y un Bizcocho de Chocolate semiamargo.<br \/>\nCoraz\u00f3n: Caramelo chocolate blanco, maracuy\u00e1 y pimienta rosa.<br \/>\nBoquita: Caramelo de chocolate blanco, mango y pimienta de Jamaica.<br \/>\nLove: Trufa de caramelo, vainilla, lim\u00f3n.<br \/>\nWhisky ahumado: Trufa de chocolate con leche y semiamargo con whisky y sal ahumada.<br \/>\nVainilla: Trufa a Base de Chocolate con Leche y una infusi\u00f3n de Vainilla de Papantla y crema.[\/vc_column_text][\/vc_column][\/vc_row][vc_row][vc_column][vc_message style=\u00bbsquare\u00bb message_box_color=\u00bbwhite\u00bb](1) Las entregas se realizan el d\u00eda subsiguiente a la recepci\u00f3n del pedido de 10:00 a 14:00hs y de 15:00 a 19:30hs. (2) No se realizan entregas los d\u00edas lunes o posteriores a feriados. (3) Para conocer los costos y zonas de env\u00edo, haga <a class=\"wp-colorbox-image\" href=\"http:\/\/www.esruiz.com.ar\/tienda\/mapa_zonas.jpg\">click aqu\u00ed.<\/a> (4) Las decoraciones de los productos exhibidos pueden variar de acuerdo a la temporada y\/o disponibilidad de sus materias primas.[\/vc_message][\/vc_column][\/vc_row]\n<\/div>","protected":false},"excerpt":{"rendered":"<div class=\"woocommerce-product-details__short-description\">\n<div class=\"woocommerce-product-details__short-description\">\n<p>Un regalo\u00a0exclusivo y diferente, con una selecci\u00f3n de nuestros productos para degustar y disfrutar la experiencia ES RUIZ \u00a0con la mejor compa\u00f1\u00eda.\u00a0Se presenta en una elegante caja negra de 24 unidades.<\/p>\n<p><strong>Disponibilidad:<\/strong>\u00a0todo el a\u00f1o.<br \/>\n<em>Recomiendo consumir por debajo de la temperatura ambiente.<\/em><\/p>\n<\/div>\n<\/div>\n","protected":false},"featured_media":17171,"template":"","meta":{"_acf_changed":false,"om_disable_all_campaigns":false},"product_brand":[],"product_cat":[33,154,16],"product_tag":[76,48],"class_list":{"0":"post-17174","1":"product","2":"type-product","3":"status-publish","4":"has-post-thumbnail","6":"product_cat-chocolate","7":"product_cat-regalos","8":"product_cat-sin-categoria","9":"product_tag-bombones","10":"product_tag-chocolate","12":"first","13":"instock","14":"shipping-taxable","15":"purchasable","16":"product-type-simple"},"acf":[],"_links":{"self":[{"href":"https:\/\/esruiz.com.ar\/tienda\/wp-json\/wp\/v2\/product\/17174","targetHints":{"allow":["GET"]}}],"collection":[{"href":"https:\/\/esruiz.com.ar\/tienda\/wp-json\/wp\/v2\/product"}],"about":[{"href":"https:\/\/esruiz.com.ar\/tienda\/wp-json\/wp\/v2\/types\/product"}],"version-history":[{"count":1,"href":"https:\/\/esruiz.com.ar\/tienda\/wp-json\/wp\/v2\/product\/17174\/revisions"}],"predecessor-version":[{"id":44594,"href":"https:\/\/esruiz.com.ar\/tienda\/wp-json\/wp\/v2\/product\/17174\/revisions\/44594"}],"wp:featuredmedia":[{"embeddable":true,"href":"https:\/\/esruiz.com.ar\/tienda\/wp-json\/wp\/v2\/media\/17171"}],"wp:attachment":[{"href":"https:\/\/esruiz.com.ar\/tienda\/wp-json\/wp\/v2\/media?parent=17174"}],"wp:term":[{"taxonomy":"product_brand","embeddable":true,"href":"https:\/\/esruiz.com.ar\/tienda\/wp-json\/wp\/v2\/product_brand?post=17174"},{"taxonomy":"product_cat","embeddable":true,"href":"https:\/\/esruiz.com.ar\/tienda\/wp-json\/wp\/v2\/product_cat?post=17174"},{"taxonomy":"product_tag","embeddable":true,"href":"https:\/\/esruiz.com.ar\/tienda\/wp-json\/wp\/v2\/product_tag?post=17174"}],"curies":[{"name":"wp","href":"https:\/\/api.w.org\/{rel}","templated":true}]}}