{"id":1837,"date":"2020-11-01T18:40:50","date_gmt":"2020-11-01T21:40:50","guid":{"rendered":"http:\/\/esruiz.com.ar\/tienda\/?post_type=product&#038;p=1837"},"modified":"2026-03-30T12:10:03","modified_gmt":"2026-03-30T15:10:03","slug":"caja-especial-fin-de-ano-n3","status":"publish","type":"product","link":"https:\/\/esruiz.com.ar\/tienda\/producto\/caja-especial-fin-de-ano-n3\/","title":{"rendered":"Caja exclusiva de fin de a\u00f1o N3"},"content":{"rendered":"<div class=\"wpb-content-wrapper\">[vc_row][vc_column][vc_message style=\u00bbsquare\u00bb message_box_color=\u00bbwhite\u00bb]<strong>(1) Productos disponibles para entregas a partir del 3 de Diciembre<\/strong><br \/>\n(2) No se realizan entregas los d\u00edas lunes o posteriores a feriados.<br \/>\n(3) Para conocer los costos y zonas de env\u00edo, haga <a class=\"wp-colorbox-image\" href=\"http:\/\/www.esruiz.com.ar\/tienda\/mapa_zonas.jpg\">click aqu\u00ed.<\/a>\n(4) Las decoraciones de los productos exhibidos pueden variar de acuerdo a la temporada y\/o disponibilidad de sus materias primas.[\/vc_message][\/vc_column][\/vc_row]\n<\/div>","protected":false},"excerpt":{"rendered":"<div class=\"woocommerce-product-details__short-description\">\n<div class=\"woocommerce-product-details__short-description\">\n<div class=\"woocommerce-product-details__short-description\">\n<div id=\"js_q4\" class=\"_5pbx userContent _3576\" data-ad-preview=\"message\" data-ft=\"{&quot;tn&quot;:&quot;K&quot;}\">\n<p>\u2022 Pan dulce tradicional de 1 kg.<br \/>\n\u2022 Stollen de \u00bd kg.<br \/>\n\u2022 Caja obsequio con: Almendras ba\u00f1adas en chocolate por 80 grs., Avellanas ba\u00f1adas en chocolate por 80 grs. y Turr\u00f3n de almendra tipo Montelimar.<br \/>\n\u2022 Lata \u201cAutobus navide\u00f1o\u201d con Almendra garrapi\u00f1ada por 100 grs, Casta\u00f1as de caj\u00fa con sal marina y tomillo por 100 grs., Biscottis de almendras y pistachos por 4 u. y Cascaritas de naranja con chocolate por 100 grs.<br \/>\n\u2022 Botella de Cava Espa\u00f1ol \u201cCarta Nevada\u201d Freixenet por 750ml.<br \/>\n\u2022 Servilletas navide\u00f1as por 20u.<br \/>\n\u2022 En caja negra con elegante mo\u00f1o de tela.<\/p>\n<p><strong>Disponibilidad:\u00a0<\/strong>stock limitado. Disponible para entrega a partir del 3 de Diciembre de 2025.<\/p>\n<\/div>\n<\/div>\n<\/div>\n<\/div>\n","protected":false},"featured_media":47336,"template":"","meta":{"_acf_changed":false,"om_disable_all_campaigns":false},"product_brand":[],"product_cat":[16],"product_tag":[76,115,48,116,114,28],"class_list":{"0":"post-1837","1":"product","2":"type-product","3":"status-publish","4":"has-post-thumbnail","6":"product_cat-sin-categoria","7":"product_tag-bombones","8":"product_tag-caja","9":"product_tag-chocolate","10":"product_tag-fin-de-ano","11":"product_tag-pan-dulce","12":"product_tag-regalos","14":"first","15":"outofstock","16":"shipping-taxable","17":"purchasable","18":"product-type-simple"},"acf":[],"_links":{"self":[{"href":"https:\/\/esruiz.com.ar\/tienda\/wp-json\/wp\/v2\/product\/1837","targetHints":{"allow":["GET"]}}],"collection":[{"href":"https:\/\/esruiz.com.ar\/tienda\/wp-json\/wp\/v2\/product"}],"about":[{"href":"https:\/\/esruiz.com.ar\/tienda\/wp-json\/wp\/v2\/types\/product"}],"version-history":[{"count":8,"href":"https:\/\/esruiz.com.ar\/tienda\/wp-json\/wp\/v2\/product\/1837\/revisions"}],"predecessor-version":[{"id":47363,"href":"https:\/\/esruiz.com.ar\/tienda\/wp-json\/wp\/v2\/product\/1837\/revisions\/47363"}],"wp:featuredmedia":[{"embeddable":true,"href":"https:\/\/esruiz.com.ar\/tienda\/wp-json\/wp\/v2\/media\/47336"}],"wp:attachment":[{"href":"https:\/\/esruiz.com.ar\/tienda\/wp-json\/wp\/v2\/media?parent=1837"}],"wp:term":[{"taxonomy":"product_brand","embeddable":true,"href":"https:\/\/esruiz.com.ar\/tienda\/wp-json\/wp\/v2\/product_brand?post=1837"},{"taxonomy":"product_cat","embeddable":true,"href":"https:\/\/esruiz.com.ar\/tienda\/wp-json\/wp\/v2\/product_cat?post=1837"},{"taxonomy":"product_tag","embeddable":true,"href":"https:\/\/esruiz.com.ar\/tienda\/wp-json\/wp\/v2\/product_tag?post=1837"}],"curies":[{"name":"wp","href":"https:\/\/api.w.org\/{rel}","templated":true}]}}