{"id":5180,"date":"2020-11-28T20:04:06","date_gmt":"2020-11-28T23:04:06","guid":{"rendered":"https:\/\/esruiz.com.ar\/tienda\/?post_type=product&#038;p=5180"},"modified":"2026-03-30T12:10:06","modified_gmt":"2026-03-30T15:10:06","slug":"pan-dulce-de-chocolate-y-narana-de-1-2kg","status":"publish","type":"product","link":"https:\/\/esruiz.com.ar\/tienda\/producto\/pan-dulce-de-chocolate-y-narana-de-1-2kg\/","title":{"rendered":"Pan Dulce de chocolate y naranja por 1\/2kg"},"content":{"rendered":"<div class=\"wpb-content-wrapper\">[vc_row][vc_column][vc_message style=\u00bbsquare\u00bb message_box_color=\u00bbwhite\u00bb](1) Productos disponibles para entregas a partir del 5 de Diciembre<br \/>\n(2) No se realizan entregas los d\u00edas lunes o posteriores a feriados.<br \/>\n(3) Para conocer los costos y zonas de env\u00edo, haga <a class=\"wp-colorbox-image\" href=\"http:\/\/www.esruiz.com.ar\/tienda\/mapa_zonas.jpg\">click aqu\u00ed.<\/a>\n(4) Las decoraciones de los productos exhibidos pueden variar de acuerdo a la temporada y\/o disponibilidad de sus materias primas.[\/vc_message][\/vc_column][\/vc_row]\n<\/div>","protected":false},"excerpt":{"rendered":"<div class=\"woocommerce-product-details__short-description\">\n<div class=\"woocommerce-product-details__short-description\">\n<div class=\"woocommerce-product-details__short-description\">\n<div id=\"js_q4\" class=\"_5pbx userContent _3576\" data-ad-preview=\"message\" data-ft=\"{&quot;tn&quot;:&quot;K&quot;}\">\n<p>La opci\u00f3n favorita de los amantes del buen chocolate belga. De textura esponjosa y h\u00fameda, aroma natural de naranja y lim\u00f3n, sabor intenso a chocolate y a nuestras cascaras de naranja artesanales. La terminaci\u00f3n es un crocante almendrado que le aporta a este original producto una textura y sabor exquisito.<\/p>\n<p><strong>Disponibilidad:<\/strong> stock limitado<\/p>\n<\/div>\n<\/div>\n<\/div>\n<\/div>\n","protected":false},"featured_media":28837,"template":"","meta":{"_acf_changed":false,"om_disable_all_campaigns":false},"product_brand":[],"product_cat":[16],"product_tag":[118,121,120,26,114,119],"class_list":{"0":"post-5180","1":"product","2":"type-product","3":"status-publish","4":"has-post-thumbnail","6":"product_cat-sin-categoria","7":"product_tag-ano-nuevo","8":"product_tag-fiestas","9":"product_tag-frutas-secas","10":"product_tag-navidad","11":"product_tag-pan-dulce","12":"product_tag-stollem","14":"first","15":"outofstock","16":"shipping-taxable","17":"purchasable","18":"product-type-simple"},"acf":[],"_links":{"self":[{"href":"https:\/\/esruiz.com.ar\/tienda\/wp-json\/wp\/v2\/product\/5180","targetHints":{"allow":["GET"]}}],"collection":[{"href":"https:\/\/esruiz.com.ar\/tienda\/wp-json\/wp\/v2\/product"}],"about":[{"href":"https:\/\/esruiz.com.ar\/tienda\/wp-json\/wp\/v2\/types\/product"}],"version-history":[{"count":7,"href":"https:\/\/esruiz.com.ar\/tienda\/wp-json\/wp\/v2\/product\/5180\/revisions"}],"predecessor-version":[{"id":47375,"href":"https:\/\/esruiz.com.ar\/tienda\/wp-json\/wp\/v2\/product\/5180\/revisions\/47375"}],"wp:featuredmedia":[{"embeddable":true,"href":"https:\/\/esruiz.com.ar\/tienda\/wp-json\/wp\/v2\/media\/28837"}],"wp:attachment":[{"href":"https:\/\/esruiz.com.ar\/tienda\/wp-json\/wp\/v2\/media?parent=5180"}],"wp:term":[{"taxonomy":"product_brand","embeddable":true,"href":"https:\/\/esruiz.com.ar\/tienda\/wp-json\/wp\/v2\/product_brand?post=5180"},{"taxonomy":"product_cat","embeddable":true,"href":"https:\/\/esruiz.com.ar\/tienda\/wp-json\/wp\/v2\/product_cat?post=5180"},{"taxonomy":"product_tag","embeddable":true,"href":"https:\/\/esruiz.com.ar\/tienda\/wp-json\/wp\/v2\/product_tag?post=5180"}],"curies":[{"name":"wp","href":"https:\/\/api.w.org\/{rel}","templated":true}]}}