{"id":5939,"date":"2021-03-24T16:57:59","date_gmt":"2021-03-24T19:57:59","guid":{"rendered":"https:\/\/esruiz.com.ar\/tienda\/?post_type=product&#038;p=5939"},"modified":"2026-04-03T16:27:52","modified_gmt":"2026-04-03T19:27:52","slug":"huevo-sabores-de-250g","status":"publish","type":"product","link":"https:\/\/esruiz.com.ar\/tienda\/producto\/huevo-sabores-de-250g\/","title":{"rendered":"Huevo de chocolate \u00abMaracuy\u00e1\u00bb de 250g"},"content":{"rendered":"<div class=\"wpb-content-wrapper\">[vc_row css=\u00bb.vc_custom_1616601421875{margin-top: 50px !important;}\u00bb][vc_column][vc_message style=\u00bbsquare\u00bb message_box_color=\u00bbwhite\u00bb](1) Las entregas se realizan el d\u00eda subsiguiente a la recepci\u00f3n del pedido de 10:00 a 14:00hs y de 15:00 a 19:30hs. (2) No se realizan entregas los d\u00edas lunes o posteriores a feriados. (3) Para conocer los costos y zonas de env\u00edo, haga <a class=\"wp-colorbox-image\" href=\"http:\/\/www.esruiz.com.ar\/tienda\/mapa_zonas.jpg\">click aqu\u00ed.<\/a> (4) Las decoraciones de los productos exhibidos pueden variar de acuerdo a la temporada y\/o disponibilidad de sus materias primas.[\/vc_message][\/vc_column][\/vc_row]\n<\/div>","protected":false},"excerpt":{"rendered":"<div class=\"woocommerce-product-details__short-description\">\n<div class=\"woocommerce-product-details__short-description\">\n<div class=\"woocommerce-product-details__short-description\">\n<div class=\"woocommerce-product-details__short-description\">\n<p>Fiel a su estilo, en estas pascuas el maestro nos sorprende con una propuesta completamente diferente: una colecci\u00f3n de huevos de chocolate artesanales, con los sabores de los m\u00e1s exquisitos chocolates de origen junto a texturas especialmente seleccionadas, creando una verdadera experiencia en cada bocado.<\/p>\n<p>Este huevo de chocolate con leche, contiene: Equatoriale lacte\u00e9 35% con un ba\u00f1o interno de Maracuy\u00e1 liofilizado. El sabor acidulado, perfumado y fresco del maracuy\u00e1 junto con el chocolate con leche componen una experiencia diferente.<\/p>\n<hr \/>\n<p><em>Disponibilidad:\u00a0solo en Semana Santa.\u00a0Recomendamos consumir por debajo de la temperatura ambiente.<\/em><\/p>\n<p><em>El precio es por 1 (un) unidad y se presenta en un destacado envoltorio para realizar un presente o disfrutar en familia.<br \/>\n<\/em><\/p>\n<\/div>\n<\/div>\n<\/div>\n<\/div>\n","protected":false},"featured_media":32307,"template":"","meta":{"_acf_changed":false,"om_disable_all_campaigns":false},"product_brand":[],"product_cat":[33,16],"product_tag":[48,210,65,209,123,122],"class_list":{"0":"post-5939","1":"product","2":"type-product","3":"status-publish","4":"has-post-thumbnail","6":"product_cat-chocolate","7":"product_cat-sin-categoria","8":"product_tag-chocolate","9":"product_tag-huevo","10":"product_tag-maracuya","11":"product_tag-pascua","12":"product_tag-pascuas","13":"product_tag-semana-santa","15":"first","16":"outofstock","17":"shipping-taxable","18":"purchasable","19":"product-type-simple"},"acf":[],"_links":{"self":[{"href":"https:\/\/esruiz.com.ar\/tienda\/wp-json\/wp\/v2\/product\/5939","targetHints":{"allow":["GET"]}}],"collection":[{"href":"https:\/\/esruiz.com.ar\/tienda\/wp-json\/wp\/v2\/product"}],"about":[{"href":"https:\/\/esruiz.com.ar\/tienda\/wp-json\/wp\/v2\/types\/product"}],"version-history":[{"count":5,"href":"https:\/\/esruiz.com.ar\/tienda\/wp-json\/wp\/v2\/product\/5939\/revisions"}],"predecessor-version":[{"id":50076,"href":"https:\/\/esruiz.com.ar\/tienda\/wp-json\/wp\/v2\/product\/5939\/revisions\/50076"}],"wp:featuredmedia":[{"embeddable":true,"href":"https:\/\/esruiz.com.ar\/tienda\/wp-json\/wp\/v2\/media\/32307"}],"wp:attachment":[{"href":"https:\/\/esruiz.com.ar\/tienda\/wp-json\/wp\/v2\/media?parent=5939"}],"wp:term":[{"taxonomy":"product_brand","embeddable":true,"href":"https:\/\/esruiz.com.ar\/tienda\/wp-json\/wp\/v2\/product_brand?post=5939"},{"taxonomy":"product_cat","embeddable":true,"href":"https:\/\/esruiz.com.ar\/tienda\/wp-json\/wp\/v2\/product_cat?post=5939"},{"taxonomy":"product_tag","embeddable":true,"href":"https:\/\/esruiz.com.ar\/tienda\/wp-json\/wp\/v2\/product_tag?post=5939"}],"curies":[{"name":"wp","href":"https:\/\/api.w.org\/{rel}","templated":true}]}}