{"id":5992,"date":"2021-03-24T18:09:53","date_gmt":"2021-03-24T21:09:53","guid":{"rendered":"https:\/\/esruiz.com.ar\/tienda\/?post_type=product&#038;p=5992"},"modified":"2026-04-04T18:01:22","modified_gmt":"2026-04-04T21:01:22","slug":"caja-degustacion-25gx5","status":"publish","type":"product","link":"https:\/\/esruiz.com.ar\/tienda\/producto\/caja-degustacion-25gx5\/","title":{"rendered":"Caja de degustaci\u00f3n de 5 huevos x 25g"},"content":{"rendered":"<div class=\"wpb-content-wrapper\">[vc_row css=\u00bb.vc_custom_1616601421875{margin-top: 50px !important;}\u00bb][vc_column][vc_message style=\u00bbsquare\u00bb message_box_color=\u00bbwhite\u00bb](1) Las entregas se realizan el d\u00eda subsiguiente a la recepci\u00f3n del pedido de 10:00 a 14:00hs y de 15:00 a 19:30hs. (2) No se realizan entregas los d\u00edas lunes o posteriores a feriados. (3) Para conocer los costos y zonas de env\u00edo, haga <a class=\"wp-colorbox-image\" href=\"http:\/\/www.esruiz.com.ar\/tienda\/mapa_zonas.jpg\">click aqu\u00ed.<\/a> (4) Las decoraciones de los productos exhibidos pueden variar de acuerdo a la temporada y\/o disponibilidad de sus materias primas.[\/vc_message][\/vc_column][\/vc_row][vc_row][vc_column][vc_column_text css=\u00bb.vc_custom_1616598725746{margin-bottom: 0px !important;}\u00bb]\n<p style=\"text-align: center;\">Te invitamos a conocer toda la linea de cajas de degustaci\u00f3n, huevos y formas tradicionales y los de dise\u00f1o que el maestro ha pensado para que descubras en estas pascuas, al mejor chocolate en la comodidad de tu hogar y con los tuyos.<\/p>\n[\/vc_column_text][\/vc_column][vc_column]<div class=\"woocommerce columns-4 \"><\/div>[\/vc_column][\/vc_row]\n<\/div>","protected":false},"excerpt":{"rendered":"<div class=\"woocommerce-product-details__short-description\">\n<div class=\"woocommerce-product-details__short-description\">\n<div class=\"woocommerce-product-details__short-description\">\n<p><i>Descubr\u00ed el verdadero sabor del\u00a0chocolate de origen con estas 3 cajas pensadas para los amantes del chocolate,\u00a0podes\u00a0elegir entre:\u00a0<\/i><\/p>\n<\/div>\n<p><i>Caja degustaci\u00f3n de CHOCOLATES de ORIGEN: <\/i>Caramelia 36%, Equatoriale lacte\u00e9 35%, Ecuador-Peru 70%, Tropilia 70% y Dark Edelbitter 70%, c<i>aja degustaci\u00f3n de <\/i><i>\u00a0CHOCOLATES con LECHE: <\/i>Equatoriale lacte\u00e9 35%, Caramelia 36% y Per\u00fa 38% y por ultimo, la c<i>aja degustaci\u00f3n de \u00a0<\/i><i>CHOCOLATES AMARGOS:<\/i> Ecuador-Peru 70%, Tropilia 70% y Dark Edelbitter 70%.<\/p>\n<div class=\"woocommerce-product-details__short-description\">\n<hr \/>\n<p><i>Disponibilidad: solo en Semana Santa. Recomendamos consumir por debajo de la temperatura ambiente.<br \/>\n<\/i><em>El precio es por 1 (un) caja que contiene 5 (cinco) unidades y se presenta en un delicada caja con envoltorios especiales para realizar un presente o disfrutar en familia.<\/em><\/p>\n<\/div>\n<\/div>\n<\/div>\n","protected":false},"featured_media":11202,"template":"","meta":{"_acf_changed":false,"om_disable_all_campaigns":false},"product_brand":[],"product_cat":[33,16],"product_tag":[48,199,123,122],"class_list":{"0":"post-5992","1":"product","2":"type-product","3":"status-publish","4":"has-post-thumbnail","6":"product_cat-chocolate","7":"product_cat-sin-categoria","8":"product_tag-chocolate","9":"product_tag-huevos-de-chocolate","10":"product_tag-pascuas","11":"product_tag-semana-santa","13":"first","14":"outofstock","15":"shipping-taxable","16":"product-type-variable"},"acf":[],"_links":{"self":[{"href":"https:\/\/esruiz.com.ar\/tienda\/wp-json\/wp\/v2\/product\/5992","targetHints":{"allow":["GET"]}}],"collection":[{"href":"https:\/\/esruiz.com.ar\/tienda\/wp-json\/wp\/v2\/product"}],"about":[{"href":"https:\/\/esruiz.com.ar\/tienda\/wp-json\/wp\/v2\/types\/product"}],"version-history":[{"count":6,"href":"https:\/\/esruiz.com.ar\/tienda\/wp-json\/wp\/v2\/product\/5992\/revisions"}],"predecessor-version":[{"id":50203,"href":"https:\/\/esruiz.com.ar\/tienda\/wp-json\/wp\/v2\/product\/5992\/revisions\/50203"}],"wp:featuredmedia":[{"embeddable":true,"href":"https:\/\/esruiz.com.ar\/tienda\/wp-json\/wp\/v2\/media\/11202"}],"wp:attachment":[{"href":"https:\/\/esruiz.com.ar\/tienda\/wp-json\/wp\/v2\/media?parent=5992"}],"wp:term":[{"taxonomy":"product_brand","embeddable":true,"href":"https:\/\/esruiz.com.ar\/tienda\/wp-json\/wp\/v2\/product_brand?post=5992"},{"taxonomy":"product_cat","embeddable":true,"href":"https:\/\/esruiz.com.ar\/tienda\/wp-json\/wp\/v2\/product_cat?post=5992"},{"taxonomy":"product_tag","embeddable":true,"href":"https:\/\/esruiz.com.ar\/tienda\/wp-json\/wp\/v2\/product_tag?post=5992"}],"curies":[{"name":"wp","href":"https:\/\/api.w.org\/{rel}","templated":true}]}}